{"id":46,"date":"2020-03-13T13:55:31","date_gmt":"2020-03-13T19:55:31","guid":{"rendered":"https:\/\/autenticatequilera.com\/?page_id=46"},"modified":"2026-04-06T10:13:21","modified_gmt":"2026-04-06T16:13:21","slug":"under-construction","status":"publish","type":"page","link":"http:\/\/autenticatequilera.com\/en\/","title":{"rendered":"Under construction"},"content":{"rendered":"<div data-elementor-type=\"wp-page\" data-elementor-id=\"46\" class=\"elementor elementor-46\" data-elementor-post-type=\"page\">\n\t\t\t\t\t\t<section class=\"elementor-section elementor-top-section elementor-element elementor-element-33e4fc9 elementor-section-height-min-height elementor-section-boxed elementor-section-height-default elementor-section-items-middle\" data-id=\"33e4fc9\" data-element_type=\"section\" data-e-type=\"section\" data-settings=\"{&quot;background_background&quot;:&quot;classic&quot;}\">\n\t\t\t\t\t\t\t<div class=\"elementor-background-overlay\"><\/div>\n\t\t\t\t\t\t\t<div class=\"elementor-container elementor-column-gap-default\">\n\t\t\t\t\t<div class=\"elementor-column elementor-col-100 elementor-top-column elementor-element elementor-element-582b6d6\" data-id=\"582b6d6\" data-element_type=\"column\" data-e-type=\"column\">\n\t\t\t<div class=\"elementor-widget-wrap elementor-element-populated\">\n\t\t\t\t\t\t<div class=\"elementor-element elementor-element-774f2f0 elementor-widget elementor-widget-theme-site-logo elementor-widget-image\" data-id=\"774f2f0\" data-element_type=\"widget\" data-e-type=\"widget\" data-widget_type=\"theme-site-logo.default\">\n\t\t\t\t<div class=\"elementor-widget-container\">\n\t\t\t\t\t\t\t\t\t\t\t<a href=\"http:\/\/autenticatequilera.com\/en\">\r\n\t\t\t<img fetchpriority=\"high\" decoding=\"async\" width=\"585\" height=\"110\" src=\"http:\/\/autenticatequilera.com\/wp-content\/uploads\/2025\/09\/cropped-main-logo2.png\" class=\"attachment-full size-full wp-image-350\" alt=\"\" srcset=\"http:\/\/autenticatequilera.com\/wp-content\/uploads\/2025\/09\/cropped-main-logo2.png 585w, http:\/\/autenticatequilera.com\/wp-content\/uploads\/2025\/09\/cropped-main-logo2-300x56.png 300w\" sizes=\"(max-width: 585px) 100vw, 585px\" \/>\t\t\t\t<\/a>\r\n\t\t\t\t\t\t\t\t\t\t\t<\/div>\n\t\t\t\t<\/div>\n\t\t\t\t<div class=\"elementor-element elementor-element-7041498 elementor-widget elementor-widget-text-editor\" data-id=\"7041498\" data-element_type=\"widget\" data-e-type=\"widget\" data-widget_type=\"text-editor.default\">\n\t\t\t\t<div class=\"elementor-widget-container\">\n\t\t\t\t\t\t\t\t\t<p>En Construcci\u00f3n<\/p>\t\t\t\t\t\t\t\t<\/div>\n\t\t\t\t<\/div>\n\t\t\t\t\t<\/div>\n\t\t<\/div>\n\t\t\t\t\t<\/div>\n\t\t<\/section>\n\t\t\t\t<\/div>","protected":false},"excerpt":{"rendered":"<p>En Construcci\u00f3n<\/p>","protected":false},"author":1,"featured_media":0,"parent":0,"menu_order":0,"comment_status":"closed","ping_status":"closed","template":"elementor_canvas","meta":{"footnotes":""},"class_list":["post-46","page","type-page","status-publish","hentry"],"yoast_head":"<!-- This site is optimized with the Yoast SEO plugin v27.3 - https:\/\/yoast.com\/product\/yoast-seo-wordpress\/ -->\n<title>Under construction - Aut\u00e9ntica Tequilera<\/title>\n<meta name=\"robots\" content=\"index, follow, max-snippet:-1, max-image-preview:large, max-video-preview:-1\" \/>\n<link rel=\"canonical\" href=\"http:\/\/autenticatequilera.com\/en\/\" \/>\n<meta property=\"og:locale\" content=\"en_US\" \/>\n<meta property=\"og:type\" content=\"article\" \/>\n<meta property=\"og:title\" content=\"Under construction - Aut\u00e9ntica Tequilera\" \/>\n<meta property=\"og:description\" content=\"En Construcci\u00f3n\" \/>\n<meta property=\"og:url\" content=\"http:\/\/autenticatequilera.com\/en\/\" \/>\n<meta property=\"og:site_name\" content=\"Aut\u00e9ntica Tequilera\" \/>\n<meta property=\"article:modified_time\" content=\"2026-04-06T16:13:21+00:00\" \/>\n<meta name=\"twitter:card\" content=\"summary_large_image\" \/>\n<meta name=\"twitter:label1\" content=\"Est. reading time\" \/>\n\t<meta name=\"twitter:data1\" content=\"1 minute\" \/>\n<script type=\"application\/ld+json\" class=\"yoast-schema-graph\">{\"@context\":\"https:\\\/\\\/schema.org\",\"@graph\":[{\"@type\":\"WebPage\",\"@id\":\"http:\\\/\\\/autenticatequilera.com\\\/\",\"url\":\"http:\\\/\\\/autenticatequilera.com\\\/\",\"name\":\"Under construction - Aut\u00e9ntica Tequilera\",\"isPartOf\":{\"@id\":\"http:\\\/\\\/autenticatequilera.com\\\/#website\"},\"datePublished\":\"2020-03-13T19:55:31+00:00\",\"dateModified\":\"2026-04-06T16:13:21+00:00\",\"breadcrumb\":{\"@id\":\"http:\\\/\\\/autenticatequilera.com\\\/#breadcrumb\"},\"inLanguage\":\"en-US\",\"potentialAction\":[{\"@type\":\"ReadAction\",\"target\":[\"http:\\\/\\\/autenticatequilera.com\\\/\"]}]},{\"@type\":\"BreadcrumbList\",\"@id\":\"http:\\\/\\\/autenticatequilera.com\\\/#breadcrumb\",\"itemListElement\":[{\"@type\":\"ListItem\",\"position\":1,\"name\":\"Portada\",\"item\":\"http:\\\/\\\/autenticatequilera.com\\\/\"},{\"@type\":\"ListItem\",\"position\":2,\"name\":\"Under construction\"}]},{\"@type\":\"WebSite\",\"@id\":\"http:\\\/\\\/autenticatequilera.com\\\/#website\",\"url\":\"http:\\\/\\\/autenticatequilera.com\\\/\",\"name\":\"Aut\u00e9ntica Tequilera\",\"description\":\"- Aut\u00e9ntica Tequilera nace en el coraz\u00f3n del valle de Tequila, Jalisco, donde la tierra, el agave y la tradici\u00f3n se encuentran. Desde 2003, nos dedicamos a crear tequilas que honran nuestras ra\u00edces y reflejan la autenticidad de nuestro origen.\",\"publisher\":{\"@id\":\"http:\\\/\\\/autenticatequilera.com\\\/#organization\"},\"potentialAction\":[{\"@type\":\"SearchAction\",\"target\":{\"@type\":\"EntryPoint\",\"urlTemplate\":\"http:\\\/\\\/autenticatequilera.com\\\/?s={search_term_string}\"},\"query-input\":{\"@type\":\"PropertyValueSpecification\",\"valueRequired\":true,\"valueName\":\"search_term_string\"}}],\"inLanguage\":\"en-US\"},{\"@type\":\"Organization\",\"@id\":\"http:\\\/\\\/autenticatequilera.com\\\/#organization\",\"name\":\"Aut\u00e9ntica Tequilera\",\"url\":\"http:\\\/\\\/autenticatequilera.com\\\/\",\"logo\":{\"@type\":\"ImageObject\",\"inLanguage\":\"en-US\",\"@id\":\"http:\\\/\\\/autenticatequilera.com\\\/#\\\/schema\\\/logo\\\/image\\\/\",\"url\":\"http:\\\/\\\/autenticatequilera.com\\\/wp-content\\\/uploads\\\/2025\\\/09\\\/cropped-main-logo2.png\",\"contentUrl\":\"http:\\\/\\\/autenticatequilera.com\\\/wp-content\\\/uploads\\\/2025\\\/09\\\/cropped-main-logo2.png\",\"width\":585,\"height\":110,\"caption\":\"Aut\u00e9ntica Tequilera\"},\"image\":{\"@id\":\"http:\\\/\\\/autenticatequilera.com\\\/#\\\/schema\\\/logo\\\/image\\\/\"}}]}<\/script>\n<!-- \/ Yoast SEO plugin. -->","yoast_head_json":{"title":"Under construction - Aut\u00e9ntica Tequilera","robots":{"index":"index","follow":"follow","max-snippet":"max-snippet:-1","max-image-preview":"max-image-preview:large","max-video-preview":"max-video-preview:-1"},"canonical":"http:\/\/autenticatequilera.com\/en\/","og_locale":"en_US","og_type":"article","og_title":"Under construction - Aut\u00e9ntica Tequilera","og_description":"En Construcci\u00f3n","og_url":"http:\/\/autenticatequilera.com\/en\/","og_site_name":"Aut\u00e9ntica Tequilera","article_modified_time":"2026-04-06T16:13:21+00:00","twitter_card":"summary_large_image","twitter_misc":{"Est. reading time":"1 minute"},"schema":{"@context":"https:\/\/schema.org","@graph":[{"@type":"WebPage","@id":"http:\/\/autenticatequilera.com\/","url":"http:\/\/autenticatequilera.com\/","name":"Under construction - Aut\u00e9ntica Tequilera","isPartOf":{"@id":"http:\/\/autenticatequilera.com\/#website"},"datePublished":"2020-03-13T19:55:31+00:00","dateModified":"2026-04-06T16:13:21+00:00","breadcrumb":{"@id":"http:\/\/autenticatequilera.com\/#breadcrumb"},"inLanguage":"en-US","potentialAction":[{"@type":"ReadAction","target":["http:\/\/autenticatequilera.com\/"]}]},{"@type":"BreadcrumbList","@id":"http:\/\/autenticatequilera.com\/#breadcrumb","itemListElement":[{"@type":"ListItem","position":1,"name":"Portada","item":"http:\/\/autenticatequilera.com\/"},{"@type":"ListItem","position":2,"name":"Under construction"}]},{"@type":"WebSite","@id":"http:\/\/autenticatequilera.com\/#website","url":"http:\/\/autenticatequilera.com\/","name":"Aut\u00e9ntica Tequilera","description":"- Aut\u00e9ntica Tequilera nace en el coraz\u00f3n del valle de Tequila, Jalisco, donde la tierra, el agave y la tradici\u00f3n se encuentran. Desde 2003, nos dedicamos a crear tequilas que honran nuestras ra\u00edces y reflejan la autenticidad de nuestro origen.","publisher":{"@id":"http:\/\/autenticatequilera.com\/#organization"},"potentialAction":[{"@type":"SearchAction","target":{"@type":"EntryPoint","urlTemplate":"http:\/\/autenticatequilera.com\/?s={search_term_string}"},"query-input":{"@type":"PropertyValueSpecification","valueRequired":true,"valueName":"search_term_string"}}],"inLanguage":"en-US"},{"@type":"Organization","@id":"http:\/\/autenticatequilera.com\/#organization","name":"Aut\u00e9ntica Tequilera","url":"http:\/\/autenticatequilera.com\/","logo":{"@type":"ImageObject","inLanguage":"en-US","@id":"http:\/\/autenticatequilera.com\/#\/schema\/logo\/image\/","url":"http:\/\/autenticatequilera.com\/wp-content\/uploads\/2025\/09\/cropped-main-logo2.png","contentUrl":"http:\/\/autenticatequilera.com\/wp-content\/uploads\/2025\/09\/cropped-main-logo2.png","width":585,"height":110,"caption":"Aut\u00e9ntica Tequilera"},"image":{"@id":"http:\/\/autenticatequilera.com\/#\/schema\/logo\/image\/"}}]}},"_links":{"self":[{"href":"http:\/\/autenticatequilera.com\/en\/wp-json\/wp\/v2\/pages\/46","targetHints":{"allow":["GET"]}}],"collection":[{"href":"http:\/\/autenticatequilera.com\/en\/wp-json\/wp\/v2\/pages"}],"about":[{"href":"http:\/\/autenticatequilera.com\/en\/wp-json\/wp\/v2\/types\/page"}],"author":[{"embeddable":true,"href":"http:\/\/autenticatequilera.com\/en\/wp-json\/wp\/v2\/users\/1"}],"replies":[{"embeddable":true,"href":"http:\/\/autenticatequilera.com\/en\/wp-json\/wp\/v2\/comments?post=46"}],"version-history":[{"count":18,"href":"http:\/\/autenticatequilera.com\/en\/wp-json\/wp\/v2\/pages\/46\/revisions"}],"predecessor-version":[{"id":3043,"href":"http:\/\/autenticatequilera.com\/en\/wp-json\/wp\/v2\/pages\/46\/revisions\/3043"}],"wp:attachment":[{"href":"http:\/\/autenticatequilera.com\/en\/wp-json\/wp\/v2\/media?parent=46"}],"curies":[{"name":"wp","href":"https:\/\/api.w.org\/{rel}","templated":true}]}}